{"id":46,"date":"2023-03-28T03:21:08","date_gmt":"2023-03-28T03:21:08","guid":{"rendered":"https:\/\/sundaclothing.com\/?page_id=46"},"modified":"2023-04-16T14:43:57","modified_gmt":"2023-04-16T14:43:57","slug":"about-us","status":"publish","type":"page","link":"https:\/\/sundaclothing.com\/pl\/about-us\/","title":{"rendered":"O nas"},"content":{"rendered":"<div data-elementor-type=\"wp-page\" data-elementor-id=\"46\" class=\"elementor elementor-46\" data-elementor-settings=\"{&quot;ha_cmc_init_switcher&quot;:&quot;no&quot;}\" data-elementor-post-type=\"page\">\n\t\t\t\t\t\t<section class=\"elementor-section elementor-top-section elementor-element elementor-element-38dc2609 elementor-section-height-min-height elementor-section-boxed elementor-section-height-default elementor-section-items-middle\" data-id=\"38dc2609\" data-element_type=\"section\" data-e-type=\"section\" data-settings=\"{&quot;background_background&quot;:&quot;video&quot;,&quot;background_video_link&quot;:&quot;http:\\\/\\\/sundaclothing.com\\\/wp-content\\\/uploads\\\/2023\\\/04\\\/Clothing-Factory.mp4&quot;,&quot;background_play_on_mobile&quot;:&quot;yes&quot;,&quot;_ha_eqh_enable&quot;:false,&quot;ekit_has_onepagescroll_dot&quot;:&quot;yes&quot;}\">\n\t\t\t\t\t\t\t\t<div class=\"elementor-background-video-container\">\n\t\t\t\t\t\t\t\t\t\t\t\t\t<video class=\"elementor-background-video-hosted\" role=\"presentation\" autoplay muted playsinline loop><\/video>\n\t\t\t\t\t\t\t\t\t\t\t<\/div>\n\t\t\t\t\t\t\t\t\t<div class=\"elementor-background-overlay\"><\/div>\n\t\t\t\t\t\t\t<div class=\"elementor-container elementor-column-gap-default\">\n\t\t\t\t\t<div class=\"elementor-column elementor-col-100 elementor-top-column elementor-element elementor-element-708b7858\" data-id=\"708b7858\" data-element_type=\"column\" data-e-type=\"column\">\n\t\t\t<div class=\"elementor-widget-wrap elementor-element-populated\">\n\t\t\t\t\t\t<div class=\"elementor-element elementor-element-33840542 elementor-widget elementor-widget-elementskit-heading\" data-id=\"33840542\" data-element_type=\"widget\" data-e-type=\"widget\" data-settings=\"{&quot;ekit_we_effect_on&quot;:&quot;none&quot;}\" data-widget_type=\"elementskit-heading.default\">\n\t\t\t\t<div class=\"elementor-widget-container\">\n\t\t\t\t\t<div class=\"ekit-wid-con\" ><div class=\"ekit-heading elementskit-section-title-wraper text_left   ekit_heading_tablet-   ekit_heading_mobile-\"><h2 class=\"ekit-heading--title elementskit-section-title\">O nas<\/h2><\/div><\/div>\t\t\t\t<\/div>\n\t\t\t\t<\/div>\n\t\t\t\t\t<\/div>\n\t\t<\/div>\n\t\t\t\t\t<\/div>\n\t\t<\/section>\n\t\t\t\t<section class=\"elementor-section elementor-top-section elementor-element elementor-element-60f2d807 elementor-section-boxed elementor-section-height-default elementor-section-height-default\" data-id=\"60f2d807\" data-element_type=\"section\" data-e-type=\"section\" data-settings=\"{&quot;_ha_eqh_enable&quot;:false,&quot;ekit_has_onepagescroll_dot&quot;:&quot;yes&quot;}\">\n\t\t\t\t\t\t<div class=\"elementor-container elementor-column-gap-default\">\n\t\t\t\t\t<div class=\"elementor-column elementor-col-50 elementor-top-column elementor-element elementor-element-28cfb91a\" data-id=\"28cfb91a\" data-element_type=\"column\" data-e-type=\"column\">\n\t\t\t<div class=\"elementor-widget-wrap elementor-element-populated\">\n\t\t\t\t\t\t<div class=\"elementor-element elementor-element-38c7c5fc elementor-widget elementor-widget-elementskit-heading\" data-id=\"38c7c5fc\" data-element_type=\"widget\" data-e-type=\"widget\" data-settings=\"{&quot;ekit_we_effect_on&quot;:&quot;none&quot;}\" data-widget_type=\"elementskit-heading.default\">\n\t\t\t\t<div class=\"elementor-widget-container\">\n\t\t\t\t\t<div class=\"ekit-wid-con\" ><div class=\"ekit-heading elementskit-section-title-wraper text_left   ekit_heading_tablet-   ekit_heading_mobile-\"><h3 class=\"elementskit-section-subtitle\">\n\t\t\t\t\t\tBezp\u0142atne us\u0142ugi niestandardowe\n\t\t\t\t\t<\/h3><h2 class=\"ekit-heading--title elementskit-section-title\">Najlepszy producent<\/h2>\t\t\t\t<div class='ekit-heading__description'>\n\t\t\t\t\t<p>Sunda Clothing jest cenionym producentem, dostawc\u0105 i dostawc\u0105 hurtowej odzie\u017cy fitness, kt\u00f3ra pomaga przedsi\u0119biorcom w obs\u0142udze klient\u00f3w entuzjast\u00f3w \u0107wicze\u0144. Jako wiod\u0105ce centrum produkcyjne zapewniamy fantastyczne zakupy hurtowe i oferujemy szerok\u0105 gam\u0119 kolekcji odzie\u017cy sportowej, kt\u00f3rych po prostu nie mo\u017cna przeoczy\u0107.<\/p>\n<p>Nasz wyb\u00f3r produkt\u00f3w stale si\u0119 powi\u0119ksza, a ka\u017cdy element jest produkowany z najwy\u017csz\u0105 staranno\u015bci\u0105 w najwy\u017cszej klasy zak\u0142adzie. W naszym asortymencie znajduj\u0105 si\u0119 r\u00f3\u017cne hurtowe koszulki i spodnie zorientowane na wydajno\u015b\u0107, modne spodnie, przyci\u0105gaj\u0105ce wzrok legginsy z nadrukami, stylowe biustonosze sportowe i eleganckie kurtki m\u0119skie, kt\u00f3re idealnie nadaj\u0105 si\u0119 do luksusowego, sportowego wygl\u0105du. Nieustannie poszerzamy nasz katalog o najwy\u017cszej jako\u015bci odzie\u017c sportow\u0105.<\/p>\n\t\t\t\t<\/div>\n\t\t\t<\/div><\/div>\t\t\t\t<\/div>\n\t\t\t\t<\/div>\n\t\t\t\t<div class=\"elementor-element elementor-element-57855513 elementor-align-left elementor-widget elementor-widget-elementskit-button\" data-id=\"57855513\" data-element_type=\"widget\" data-e-type=\"widget\" data-settings=\"{&quot;ekit_we_effect_on&quot;:&quot;none&quot;}\" data-widget_type=\"elementskit-button.default\">\n\t\t\t\t<div class=\"elementor-widget-container\">\n\t\t\t\t\t<div class=\"ekit-wid-con\" >\t\t<div class=\"ekit-btn-wraper\">\n\t\t\t\t\t\t\t<a href=\"#elementor-action:action=popup:open&settings=eyJpZCI6IjE3NSIsInRvZ2dsZSI6ZmFsc2V9\" class=\"elementskit-btn  whitespace--normal\" id=\"\">\n\t\t\t\t\tSkontaktuj si\u0119 teraz\t\t\t\t<\/a>\n\t\t\t\t\t<\/div>\n        <\/div>\t\t\t\t<\/div>\n\t\t\t\t<\/div>\n\t\t\t\t\t<\/div>\n\t\t<\/div>\n\t\t\t\t<div class=\"elementor-column elementor-col-50 elementor-top-column elementor-element elementor-element-47779fc\" data-id=\"47779fc\" data-element_type=\"column\" data-e-type=\"column\">\n\t\t\t<div class=\"elementor-widget-wrap elementor-element-populated\">\n\t\t\t\t\t\t<div class=\"elementor-element elementor-element-5a669f8c elementor-widget elementor-widget-image\" data-id=\"5a669f8c\" data-element_type=\"widget\" data-e-type=\"widget\" data-settings=\"{&quot;ekit_we_effect_on&quot;:&quot;none&quot;}\" data-widget_type=\"image.default\">\n\t\t\t\t<div class=\"elementor-widget-container\">\n\t\t\t\t\t\t\t\t\t\t\t\t\t\t\t<img fetchpriority=\"high\" decoding=\"async\" width=\"576\" height=\"536\" src=\"https:\/\/sundaclothing.com\/wp-content\/uploads\/2023\/04\/About-Clothing-Factory.png\" class=\"attachment-full size-full wp-image-505\" alt=\"O Fabryce Odzie\u017cy\" srcset=\"https:\/\/sundaclothing.com\/wp-content\/uploads\/2023\/04\/About-Clothing-Factory.png 576w, https:\/\/sundaclothing.com\/wp-content\/uploads\/2023\/04\/About-Clothing-Factory-300x279.png 300w, https:\/\/sundaclothing.com\/wp-content\/uploads\/2023\/04\/About-Clothing-Factory-13x12.png 13w\" sizes=\"(max-width: 576px) 100vw, 576px\" \/>\t\t\t\t\t\t\t\t\t\t\t\t\t\t\t<\/div>\n\t\t\t\t<\/div>\n\t\t\t\t\t<\/div>\n\t\t<\/div>\n\t\t\t\t\t<\/div>\n\t\t<\/section>\n\t\t\t\t<section class=\"elementor-section elementor-top-section elementor-element elementor-element-23ab0918 elementor-section-boxed elementor-section-height-default elementor-section-height-default\" data-id=\"23ab0918\" data-element_type=\"section\" data-e-type=\"section\" data-settings=\"{&quot;_ha_eqh_enable&quot;:false,&quot;ekit_has_onepagescroll_dot&quot;:&quot;yes&quot;}\">\n\t\t\t\t\t\t<div class=\"elementor-container elementor-column-gap-wide\">\n\t\t\t\t\t<div class=\"elementor-column elementor-col-50 elementor-top-column elementor-element elementor-element-789b29de\" data-id=\"789b29de\" data-element_type=\"column\" data-e-type=\"column\">\n\t\t\t<div class=\"elementor-widget-wrap elementor-element-populated\">\n\t\t\t\t\t\t<div class=\"elementor-element elementor-element-c1a0558 elementor-widget elementor-widget-video\" data-id=\"c1a0558\" data-element_type=\"widget\" data-e-type=\"widget\" data-settings=\"{&quot;show_image_overlay&quot;:&quot;yes&quot;,&quot;image_overlay&quot;:{&quot;url&quot;:&quot;http:\\\/\\\/sundaclothing.com\\\/wp-content\\\/uploads\\\/2023\\\/04\\\/Apparel-Factory-07.jpg&quot;,&quot;id&quot;:513,&quot;size&quot;:&quot;&quot;,&quot;alt&quot;:&quot;Apparel Factory&quot;,&quot;source&quot;:&quot;library&quot;},&quot;lightbox&quot;:&quot;yes&quot;,&quot;video_type&quot;:&quot;hosted&quot;,&quot;mute&quot;:&quot;yes&quot;,&quot;controls&quot;:&quot;yes&quot;,&quot;ekit_we_effect_on&quot;:&quot;none&quot;}\" data-widget_type=\"video.default\">\n\t\t\t\t<div class=\"elementor-widget-container\">\n\t\t\t\t\t\t\t<div class=\"e-hosted-video elementor-wrapper elementor-open-lightbox\">\n\t\t\t\t\t\t\t<div class=\"elementor-custom-embed-image-overlay\" data-elementor-open-lightbox=\"yes\" data-elementor-lightbox=\"{&quot;type&quot;:&quot;video&quot;,&quot;videoType&quot;:&quot;hosted&quot;,&quot;url&quot;:&quot;http:\\\/\\\/sundaclothing.com\\\/wp-content\\\/uploads\\\/2023\\\/04\\\/Clothing-Factory.mp4&quot;,&quot;autoplay&quot;:&quot;&quot;,&quot;modalOptions&quot;:{&quot;id&quot;:&quot;elementor-lightbox-c1a0558&quot;,&quot;entranceAnimation&quot;:&quot;&quot;,&quot;entranceAnimation_tablet&quot;:&quot;&quot;,&quot;entranceAnimation_mobile&quot;:&quot;&quot;,&quot;videoAspectRatio&quot;:&quot;169&quot;},&quot;videoParams&quot;:{&quot;controls&quot;:&quot;&quot;,&quot;preload&quot;:&quot;metadata&quot;,&quot;muted&quot;:&quot;muted&quot;,&quot;controlsList&quot;:&quot;nodownload&quot;,&quot;poster&quot;:&quot;http:\\\/\\\/sundaclothing.com\\\/wp-content\\\/uploads\\\/2023\\\/04\\\/Apparel-Factory-07.jpg&quot;}}\" data-e-action-hash=\"#elementor-action%3Aaction%3Dlightbox%26settings%3DeyJ0eXBlIjoidmlkZW8iLCJ2aWRlb1R5cGUiOiJob3N0ZWQiLCJ1cmwiOiJodHRwOlwvXC9zdW5kYWNsb3RoaW5nLmNvbVwvd3AtY29udGVudFwvdXBsb2Fkc1wvMjAyM1wvMDRcL0Nsb3RoaW5nLUZhY3RvcnkubXA0IiwiYXV0b3BsYXkiOiIiLCJtb2RhbE9wdGlvbnMiOnsiaWQiOiJlbGVtZW50b3ItbGlnaHRib3gtYzFhMDU1OCIsImVudHJhbmNlQW5pbWF0aW9uIjoiIiwiZW50cmFuY2VBbmltYXRpb25fdGFibGV0IjoiIiwiZW50cmFuY2VBbmltYXRpb25fbW9iaWxlIjoiIiwidmlkZW9Bc3BlY3RSYXRpbyI6IjE2OSJ9LCJ2aWRlb1BhcmFtcyI6eyJjb250cm9scyI6IiIsInByZWxvYWQiOiJtZXRhZGF0YSIsIm11dGVkIjoibXV0ZWQiLCJjb250cm9sc0xpc3QiOiJub2Rvd25sb2FkIiwicG9zdGVyIjoiaHR0cDpcL1wvc3VuZGFjbG90aGluZy5jb21cL3dwLWNvbnRlbnRcL3VwbG9hZHNcLzIwMjNcLzA0XC9BcHBhcmVsLUZhY3RvcnktMDcuanBnIn19\">\n\t\t\t\t\t\t\t\t\t\t\t<img decoding=\"async\" width=\"800\" height=\"652\" src=\"https:\/\/sundaclothing.com\/wp-content\/uploads\/2023\/04\/Apparel-Factory-07.jpg\" class=\"attachment-full size-full wp-image-513\" alt=\"Fabryka Odzie\u017cy\" srcset=\"https:\/\/sundaclothing.com\/wp-content\/uploads\/2023\/04\/Apparel-Factory-07.jpg 800w, https:\/\/sundaclothing.com\/wp-content\/uploads\/2023\/04\/Apparel-Factory-07-300x245.jpg 300w, https:\/\/sundaclothing.com\/wp-content\/uploads\/2023\/04\/Apparel-Factory-07-768x626.jpg 768w, https:\/\/sundaclothing.com\/wp-content\/uploads\/2023\/04\/Apparel-Factory-07-15x12.jpg 15w\" sizes=\"(max-width: 800px) 100vw, 800px\" \/>\t\t\t\t\t\t\t\t\t\t\t\t\t\t\t\t<div class=\"elementor-custom-embed-play\" role=\"button\" aria-label=\"Odtw\u00f3rz film o Apparel Factory\" tabindex=\"0\">\n\t\t\t\t\t\t\t<svg aria-hidden=\"true\" class=\"e-font-icon-svg e-eicon-play\" viewbox=\"0 0 1000 1000\" xmlns=\"http:\/\/www.w3.org\/2000\/svg\"><path d=\"M838 162C746 71 633 25 500 25 371 25 258 71 163 162 71 254 25 367 25 500 25 633 71 746 163 837 254 929 367 979 500 979 633 979 746 933 838 837 929 746 975 633 975 500 975 367 929 254 838 162M808 192C892 279 933 379 933 500 933 621 892 725 808 808 725 892 621 938 500 938 379 938 279 896 196 808 113 725 67 621 67 500 67 379 108 279 196 192 279 108 383 62 500 62 621 62 721 108 808 192M438 392V642L642 517 438 392Z\"><\/path><\/svg>\t\t\t\t\t\t<\/div>\n\t\t\t\t\t\t\t\t\t<\/div>\n\t\t\t\t\t<\/div>\n\t\t\t\t\t\t<\/div>\n\t\t\t\t<\/div>\n\t\t\t\t\t<\/div>\n\t\t<\/div>\n\t\t\t\t<div class=\"elementor-column elementor-col-50 elementor-top-column elementor-element elementor-element-5ef6d85b\" data-id=\"5ef6d85b\" data-element_type=\"column\" data-e-type=\"column\">\n\t\t\t<div class=\"elementor-widget-wrap elementor-element-populated\">\n\t\t\t\t\t\t<section class=\"elementor-section elementor-inner-section elementor-element elementor-element-e98174e elementor-section-boxed elementor-section-height-default elementor-section-height-default\" data-id=\"e98174e\" data-element_type=\"section\" data-e-type=\"section\" data-settings=\"{&quot;_ha_eqh_enable&quot;:false,&quot;ekit_has_onepagescroll_dot&quot;:&quot;yes&quot;}\">\n\t\t\t\t\t\t<div class=\"elementor-container elementor-column-gap-default\">\n\t\t\t\t\t<div class=\"elementor-column elementor-col-100 elementor-inner-column elementor-element elementor-element-d8e4ac0\" data-id=\"d8e4ac0\" data-element_type=\"column\" data-e-type=\"column\">\n\t\t\t<div class=\"elementor-widget-wrap elementor-element-populated\">\n\t\t\t\t\t\t<div class=\"elementor-element elementor-element-9b29a7a elementor-widget elementor-widget-text-editor\" data-id=\"9b29a7a\" data-element_type=\"widget\" data-e-type=\"widget\" data-settings=\"{&quot;ekit_we_effect_on&quot;:&quot;none&quot;}\" data-widget_type=\"text-editor.default\">\n\t\t\t\t<div class=\"elementor-widget-container\">\n\t\t\t\t\t\t\t\t\t<p>Jako najwy\u017cszej klasy hurtowy sprzedawca odzie\u017cy sportowej, specjalizujemy si\u0119 w dostarczaniu odzie\u017cy sportowej najwy\u017cszej jako\u015bci. Nasze d\u0105\u017cenie do doskona\u0142o\u015bci obejmuje funkcje i szczeg\u00f3\u0142y, a nasza obs\u0142uga klienta jest dostosowana do potrzeb sprzedawc\u00f3w detalicznych, w\u0142a\u015bcicieli firm i marek w\u0142asnych.<\/p><p>Naszym celem jest zapewnienie entuzjastom fitnessu idealnego stroju i ka\u017cdego dnia staramy si\u0119 ulepsza\u0107 nasze us\u0142ugi dla klient\u00f3w hurtowych. Rozumiemy, \u017ce bran\u017ca mody fitness stale si\u0119 rozwija, dlatego stale aktualizujemy nasz asortyment hurtowej odzie\u017cy modowej i fitness o najnowsze style. Skontaktuj si\u0119 z naszym dzia\u0142em pomocy, aby z\u0142o\u017cy\u0107 zam\u00f3wienie zbiorcze na preferowan\u0105 odzie\u017c do \u0107wicze\u0144.<\/p>\t\t\t\t\t\t\t\t<\/div>\n\t\t\t\t<\/div>\n\t\t\t\t\t<\/div>\n\t\t<\/div>\n\t\t\t\t\t<\/div>\n\t\t<\/section>\n\t\t\t\t<section class=\"elementor-section elementor-inner-section elementor-element elementor-element-db37f03 elementor-section-boxed elementor-section-height-default elementor-section-height-default\" data-id=\"db37f03\" data-element_type=\"section\" data-e-type=\"section\" data-settings=\"{&quot;_ha_eqh_enable&quot;:false,&quot;ekit_has_onepagescroll_dot&quot;:&quot;yes&quot;}\">\n\t\t\t\t\t\t<div class=\"elementor-container elementor-column-gap-default\">\n\t\t\t\t\t<div class=\"elementor-column elementor-col-100 elementor-inner-column elementor-element elementor-element-b64ad50\" data-id=\"b64ad50\" data-element_type=\"column\" data-e-type=\"column\">\n\t\t\t<div class=\"elementor-widget-wrap elementor-element-populated\">\n\t\t\t\t\t\t<div class=\"elementor-element elementor-element-137328e elementor-align-left elementor-widget elementor-widget-elementskit-button\" data-id=\"137328e\" data-element_type=\"widget\" data-e-type=\"widget\" data-settings=\"{&quot;ekit_we_effect_on&quot;:&quot;none&quot;}\" data-widget_type=\"elementskit-button.default\">\n\t\t\t\t<div class=\"elementor-widget-container\">\n\t\t\t\t\t<div class=\"ekit-wid-con\" >\t\t<div class=\"ekit-btn-wraper\">\n\t\t\t\t\t\t\t<a href=\"#elementor-action:action=popup:open&settings=eyJpZCI6IjE3NSIsInRvZ2dsZSI6ZmFsc2V9\" class=\"elementskit-btn  whitespace--normal\" id=\"\">\n\t\t\t\t\tSkontaktuj si\u0119 teraz\t\t\t\t<\/a>\n\t\t\t\t\t<\/div>\n        <\/div>\t\t\t\t<\/div>\n\t\t\t\t<\/div>\n\t\t\t\t\t<\/div>\n\t\t<\/div>\n\t\t\t\t\t<\/div>\n\t\t<\/section>\n\t\t\t\t\t<\/div>\n\t\t<\/div>\n\t\t\t\t\t<\/div>\n\t\t<\/section>\n\t\t\t\t<section class=\"elementor-section elementor-top-section elementor-element elementor-element-5bc586c9 elementor-section-boxed elementor-section-height-default elementor-section-height-default\" data-id=\"5bc586c9\" data-element_type=\"section\" data-e-type=\"section\" data-settings=\"{&quot;_ha_eqh_enable&quot;:false,&quot;ekit_has_onepagescroll_dot&quot;:&quot;yes&quot;}\">\n\t\t\t\t\t\t<div class=\"elementor-container elementor-column-gap-default\">\n\t\t\t\t\t<div class=\"elementor-column elementor-col-100 elementor-top-column elementor-element elementor-element-5d61c200\" data-id=\"5d61c200\" data-element_type=\"column\" data-e-type=\"column\">\n\t\t\t<div class=\"elementor-widget-wrap elementor-element-populated\">\n\t\t\t\t\t\t<div class=\"elementor-element elementor-element-67b31cff elementor-widget elementor-widget-heading\" data-id=\"67b31cff\" data-element_type=\"widget\" data-e-type=\"widget\" data-settings=\"{&quot;ekit_we_effect_on&quot;:&quot;none&quot;}\" data-widget_type=\"heading.default\">\n\t\t\t\t<div class=\"elementor-widget-container\">\n\t\t\t\t\t<h2 class=\"elementor-heading-title elementor-size-default\">Nasze certyfikaty<\/h2>\t\t\t\t<\/div>\n\t\t\t\t<\/div>\n\t\t\t\t<div class=\"elementor-element elementor-element-c9e7eb elementor-widget elementor-widget-text-editor\" data-id=\"c9e7eb\" data-element_type=\"widget\" data-e-type=\"widget\" data-settings=\"{&quot;ekit_we_effect_on&quot;:&quot;none&quot;}\" data-widget_type=\"text-editor.default\">\n\t\t\t\t<div class=\"elementor-widget-container\">\n\t\t\t\t\t\t\t\t\t<p>Nasza fabryka posiada certyfikat OEKO-TEX standard 100 i globalny standard recyklingu.<\/p>\t\t\t\t\t\t\t\t<\/div>\n\t\t\t\t<\/div>\n\t\t\t\t\t<\/div>\n\t\t<\/div>\n\t\t\t\t\t<\/div>\n\t\t<\/section>\n\t\t\t\t<section class=\"elementor-section elementor-top-section elementor-element elementor-element-69acc345 elementor-section-boxed elementor-section-height-default elementor-section-height-default\" data-id=\"69acc345\" data-element_type=\"section\" data-e-type=\"section\" data-settings=\"{&quot;_ha_eqh_enable&quot;:false,&quot;ekit_has_onepagescroll_dot&quot;:&quot;yes&quot;}\">\n\t\t\t\t\t\t<div class=\"elementor-container elementor-column-gap-extended\">\n\t\t\t\t\t<div class=\"elementor-column elementor-col-33 elementor-top-column elementor-element elementor-element-75249623\" data-id=\"75249623\" data-element_type=\"column\" data-e-type=\"column\">\n\t\t\t<div class=\"elementor-widget-wrap elementor-element-populated\">\n\t\t\t\t\t\t<div class=\"elementor-element elementor-element-2d324906 ha-pre--top elementor-widget elementor-widget-ha-hover-box happy-addon ha-hover-box happy-addon-pro\" data-id=\"2d324906\" data-element_type=\"widget\" data-e-type=\"widget\" data-settings=\"{&quot;ekit_we_effect_on&quot;:&quot;none&quot;}\" data-widget_type=\"ha-hover-box.default\">\n\t\t\t\t<div class=\"elementor-widget-container\">\n\t\t\t\t\t\n        \n            <div class=\"ha-hover-box-main\">\n                <div class=\"ha-hover-box-wrapper reverse\">\n                    <div class=\"ha-hover-box-content\">\n\n                        \n                        <div>\n                            \n                                                    <\/div>\n                    <\/div>\n                <\/div>\n            <\/div>\n        \n        \t\t\t\t<\/div>\n\t\t\t\t<\/div>\n\t\t\t\t\t<\/div>\n\t\t<\/div>\n\t\t\t\t<div class=\"elementor-column elementor-col-33 elementor-top-column elementor-element elementor-element-3496ba91\" data-id=\"3496ba91\" data-element_type=\"column\" data-e-type=\"column\">\n\t\t\t<div class=\"elementor-widget-wrap elementor-element-populated\">\n\t\t\t\t\t\t<div class=\"elementor-element elementor-element-360bc831 ha-pre--top elementor-widget elementor-widget-ha-hover-box happy-addon ha-hover-box happy-addon-pro\" data-id=\"360bc831\" data-element_type=\"widget\" data-e-type=\"widget\" data-settings=\"{&quot;ekit_we_effect_on&quot;:&quot;none&quot;}\" data-widget_type=\"ha-hover-box.default\">\n\t\t\t\t<div class=\"elementor-widget-container\">\n\t\t\t\t\t\n                    <a class=\"ha-flip-btn\" href=\"#!\">\n        \n            <div class=\"ha-hover-box-main\">\n                <div class=\"ha-hover-box-wrapper reverse\">\n                    <div class=\"ha-hover-box-content\">\n\n                        \n                        <div>\n                            \n                                                    <\/div>\n                    <\/div>\n                <\/div>\n            <\/div>\n                   <\/a>\n        \n        \t\t\t\t<\/div>\n\t\t\t\t<\/div>\n\t\t\t\t\t<\/div>\n\t\t<\/div>\n\t\t\t\t<div class=\"elementor-column elementor-col-33 elementor-top-column elementor-element elementor-element-1bf8c0e2\" data-id=\"1bf8c0e2\" data-element_type=\"column\" data-e-type=\"column\">\n\t\t\t<div class=\"elementor-widget-wrap elementor-element-populated\">\n\t\t\t\t\t\t<div class=\"elementor-element elementor-element-4c23a658 ha-pre--top elementor-widget elementor-widget-ha-hover-box happy-addon ha-hover-box happy-addon-pro\" data-id=\"4c23a658\" data-element_type=\"widget\" data-e-type=\"widget\" data-settings=\"{&quot;ekit_we_effect_on&quot;:&quot;none&quot;}\" data-widget_type=\"ha-hover-box.default\">\n\t\t\t\t<div class=\"elementor-widget-container\">\n\t\t\t\t\t\n                    <a class=\"ha-flip-btn\" href=\"#!\">\n        \n            <div class=\"ha-hover-box-main\">\n                <div class=\"ha-hover-box-wrapper reverse\">\n                    <div class=\"ha-hover-box-content\">\n\n                        \n                        <div>\n                            \n                                                    <\/div>\n                    <\/div>\n                <\/div>\n            <\/div>\n                   <\/a>\n        \n        \t\t\t\t<\/div>\n\t\t\t\t<\/div>\n\t\t\t\t\t<\/div>\n\t\t<\/div>\n\t\t\t\t\t<\/div>\n\t\t<\/section>\n\t\t\t\t<\/div>","protected":false},"excerpt":{"rendered":"<p>About us Free Custom Services Top Manufacturer Sunda Clothing is a highly respected producer, provider, and supplier of wholesale fitness clothing that assists entrepreneurs in serving their workout enthusiast customers. As a prominent manufacturing center, we provide a fantastic bulk purchasing experience and feature an extensive range of activewear collections that you simply cannot overlook. [&hellip;]<\/p>","protected":false},"author":1,"featured_media":544,"parent":0,"menu_order":2,"comment_status":"closed","ping_status":"open","template":"","meta":{"site-sidebar-layout":"no-sidebar","site-content-layout":"page-builder","ast-site-content-layout":"default","site-content-style":"default","site-sidebar-style":"default","ast-global-header-display":"","ast-banner-title-visibility":"","ast-main-header-display":"","ast-hfb-above-header-display":"","ast-hfb-below-header-display":"","ast-hfb-mobile-header-display":"","site-post-title":"disabled","ast-breadcrumbs-content":"","ast-featured-img":"disabled","footer-sml-layout":"","ast-disable-related-posts":"","theme-transparent-header-meta":"","adv-header-id-meta":"","stick-header-meta":"","header-above-stick-meta":"","header-main-stick-meta":"","header-below-stick-meta":"","astra-migrate-meta-layouts":"default","ast-page-background-enabled":"default","ast-page-background-meta":{"desktop":{"background-color":"var(--ast-global-color-4)","background-image":"","background-repeat":"repeat","background-position":"center center","background-size":"auto","background-attachment":"scroll","background-type":"","background-media":"","overlay-type":"","overlay-color":"","overlay-opacity":"","overlay-gradient":""},"tablet":{"background-color":"","background-image":"","background-repeat":"repeat","background-position":"center center","background-size":"auto","background-attachment":"scroll","background-type":"","background-media":"","overlay-type":"","overlay-color":"","overlay-opacity":"","overlay-gradient":""},"mobile":{"background-color":"","background-image":"","background-repeat":"repeat","background-position":"center center","background-size":"auto","background-attachment":"scroll","background-type":"","background-media":"","overlay-type":"","overlay-color":"","overlay-opacity":"","overlay-gradient":""}},"ast-content-background-meta":{"desktop":{"background-color":"var(--ast-global-color-5)","background-image":"","background-repeat":"repeat","background-position":"center center","background-size":"auto","background-attachment":"scroll","background-type":"","background-media":"","overlay-type":"","overlay-color":"","overlay-opacity":"","overlay-gradient":""},"tablet":{"background-color":"var(--ast-global-color-5)","background-image":"","background-repeat":"repeat","background-position":"center center","background-size":"auto","background-attachment":"scroll","background-type":"","background-media":"","overlay-type":"","overlay-color":"","overlay-opacity":"","overlay-gradient":""},"mobile":{"background-color":"var(--ast-global-color-5)","background-image":"","background-repeat":"repeat","background-position":"center center","background-size":"auto","background-attachment":"scroll","background-type":"","background-media":"","overlay-type":"","overlay-color":"","overlay-opacity":"","overlay-gradient":""}},"footnotes":""},"class_list":["post-46","page","type-page","status-publish","has-post-thumbnail","hentry"],"_links":{"self":[{"href":"https:\/\/sundaclothing.com\/pl\/wp-json\/wp\/v2\/pages\/46","targetHints":{"allow":["GET"]}}],"collection":[{"href":"https:\/\/sundaclothing.com\/pl\/wp-json\/wp\/v2\/pages"}],"about":[{"href":"https:\/\/sundaclothing.com\/pl\/wp-json\/wp\/v2\/types\/page"}],"author":[{"embeddable":true,"href":"https:\/\/sundaclothing.com\/pl\/wp-json\/wp\/v2\/users\/1"}],"replies":[{"embeddable":true,"href":"https:\/\/sundaclothing.com\/pl\/wp-json\/wp\/v2\/comments?post=46"}],"version-history":[{"count":32,"href":"https:\/\/sundaclothing.com\/pl\/wp-json\/wp\/v2\/pages\/46\/revisions"}],"predecessor-version":[{"id":901,"href":"https:\/\/sundaclothing.com\/pl\/wp-json\/wp\/v2\/pages\/46\/revisions\/901"}],"wp:featuredmedia":[{"embeddable":true,"href":"https:\/\/sundaclothing.com\/pl\/wp-json\/wp\/v2\/media\/544"}],"wp:attachment":[{"href":"https:\/\/sundaclothing.com\/pl\/wp-json\/wp\/v2\/media?parent=46"}],"curies":[{"name":"wp","href":"https:\/\/api.w.org\/{rel}","templated":true}]}}