{"id":46,"date":"2023-03-28T03:21:08","date_gmt":"2023-03-28T03:21:08","guid":{"rendered":"https:\/\/sundaclothing.com\/?page_id=46"},"modified":"2023-04-16T14:43:57","modified_gmt":"2023-04-16T14:43:57","slug":"about-us","status":"publish","type":"page","link":"https:\/\/sundaclothing.com\/sk\/about-us\/","title":{"rendered":"O n\u00e1s"},"content":{"rendered":"<div data-elementor-type=\"wp-page\" data-elementor-id=\"46\" class=\"elementor elementor-46\" data-elementor-settings=\"{&quot;ha_cmc_init_switcher&quot;:&quot;no&quot;}\" data-elementor-post-type=\"page\">\n\t\t\t\t\t\t<section class=\"elementor-section elementor-top-section elementor-element elementor-element-38dc2609 elementor-section-height-min-height elementor-section-boxed elementor-section-height-default elementor-section-items-middle\" data-id=\"38dc2609\" data-element_type=\"section\" data-e-type=\"section\" data-settings=\"{&quot;background_background&quot;:&quot;video&quot;,&quot;background_video_link&quot;:&quot;http:\\\/\\\/sundaclothing.com\\\/wp-content\\\/uploads\\\/2023\\\/04\\\/Clothing-Factory.mp4&quot;,&quot;background_play_on_mobile&quot;:&quot;yes&quot;,&quot;_ha_eqh_enable&quot;:false,&quot;ekit_has_onepagescroll_dot&quot;:&quot;yes&quot;}\">\n\t\t\t\t\t\t\t\t<div class=\"elementor-background-video-container\">\n\t\t\t\t\t\t\t\t\t\t\t\t\t<video class=\"elementor-background-video-hosted\" role=\"presentation\" autoplay muted playsinline loop><\/video>\n\t\t\t\t\t\t\t\t\t\t\t<\/div>\n\t\t\t\t\t\t\t\t\t<div class=\"elementor-background-overlay\"><\/div>\n\t\t\t\t\t\t\t<div class=\"elementor-container elementor-column-gap-default\">\n\t\t\t\t\t<div class=\"elementor-column elementor-col-100 elementor-top-column elementor-element elementor-element-708b7858\" data-id=\"708b7858\" data-element_type=\"column\" data-e-type=\"column\">\n\t\t\t<div class=\"elementor-widget-wrap elementor-element-populated\">\n\t\t\t\t\t\t<div class=\"elementor-element elementor-element-33840542 elementor-widget elementor-widget-elementskit-heading\" data-id=\"33840542\" data-element_type=\"widget\" data-e-type=\"widget\" data-settings=\"{&quot;ekit_we_effect_on&quot;:&quot;none&quot;}\" data-widget_type=\"elementskit-heading.default\">\n\t\t\t\t<div class=\"elementor-widget-container\">\n\t\t\t\t\t<div class=\"ekit-wid-con\" ><div class=\"ekit-heading elementskit-section-title-wraper text_left   ekit_heading_tablet-   ekit_heading_mobile-\"><h2 class=\"ekit-heading--title elementskit-section-title\">O n\u00e1s<\/h2><\/div><\/div>\t\t\t\t<\/div>\n\t\t\t\t<\/div>\n\t\t\t\t\t<\/div>\n\t\t<\/div>\n\t\t\t\t\t<\/div>\n\t\t<\/section>\n\t\t\t\t<section class=\"elementor-section elementor-top-section elementor-element elementor-element-60f2d807 elementor-section-boxed elementor-section-height-default elementor-section-height-default\" data-id=\"60f2d807\" data-element_type=\"section\" data-e-type=\"section\" data-settings=\"{&quot;_ha_eqh_enable&quot;:false,&quot;ekit_has_onepagescroll_dot&quot;:&quot;yes&quot;}\">\n\t\t\t\t\t\t<div class=\"elementor-container elementor-column-gap-default\">\n\t\t\t\t\t<div class=\"elementor-column elementor-col-50 elementor-top-column elementor-element elementor-element-28cfb91a\" data-id=\"28cfb91a\" data-element_type=\"column\" data-e-type=\"column\">\n\t\t\t<div class=\"elementor-widget-wrap elementor-element-populated\">\n\t\t\t\t\t\t<div class=\"elementor-element elementor-element-38c7c5fc elementor-widget elementor-widget-elementskit-heading\" data-id=\"38c7c5fc\" data-element_type=\"widget\" data-e-type=\"widget\" data-settings=\"{&quot;ekit_we_effect_on&quot;:&quot;none&quot;}\" data-widget_type=\"elementskit-heading.default\">\n\t\t\t\t<div class=\"elementor-widget-container\">\n\t\t\t\t\t<div class=\"ekit-wid-con\" ><div class=\"ekit-heading elementskit-section-title-wraper text_left   ekit_heading_tablet-   ekit_heading_mobile-\"><h3 class=\"elementskit-section-subtitle\">\n\t\t\t\t\t\tBezplatn\u00e9 z\u00e1kazn\u00edcke slu\u017eby\n\t\t\t\t\t<\/h3><h2 class=\"ekit-heading--title elementskit-section-title\">\u0160pi\u010dkov\u00fd v\u00fdrobca<\/h2>\t\t\t\t<div class='ekit-heading__description'>\n\t\t\t\t\t<p>Sunda Clothing je vysoko uzn\u00e1van\u00fdm v\u00fdrobcom, poskytovate\u013eom a dod\u00e1vate\u013eom ve\u013ekoobchodn\u00e9ho fitness oble\u010denia, ktor\u00e9 pom\u00e1ha podnikate\u013eom sl\u00fa\u017ei\u0165 svojim z\u00e1kazn\u00edkom, ktor\u00ed s\u00fa nad\u0161encami cvi\u010denia. Ako prominentn\u00e9 v\u00fdrobn\u00e9 centrum poskytujeme fantastick\u00fd z\u00e1\u017eitok z hromadn\u00e9ho n\u00e1kupu a pon\u00fakame \u0161irok\u00fa \u0161k\u00e1lu kolekci\u00ed akt\u00edvneho oble\u010denia, ktor\u00e9 jednoducho nem\u00f4\u017eete prehliadnu\u0165.<\/p>\n<p>N\u00e1\u0161 v\u00fdber produktov neust\u00e1le rastie a ka\u017ed\u00e1 polo\u017eka je vyr\u00e1ban\u00e1 so starostlivos\u0165ou v \u0161pi\u010dkovom zariaden\u00ed. N\u00e1\u0161 invent\u00e1r zah\u0155\u0148a r\u00f4zne ve\u013ekoobchodn\u00e9 tri\u010dk\u00e1 a nohavice orientovan\u00e9 na v\u00fdkon, m\u00f3dne spodn\u00e9 oble\u010denie, p\u00fatav\u00e9 leg\u00edny s potla\u010dou, \u0161t\u00fdlov\u00e9 \u0161portov\u00e9 podprsenky a elegantn\u00e9 bundy pre mu\u017eov, ktor\u00e9 s\u00fa ide\u00e1lne pre \u0161portov\u00fd luxusn\u00fd vzh\u013ead. Neust\u00e1le roz\u0161irujeme n\u00e1\u0161 katal\u00f3g o najkvalitnej\u0161ie oble\u010denie do telocvi\u010dne.<\/p>\n\t\t\t\t<\/div>\n\t\t\t<\/div><\/div>\t\t\t\t<\/div>\n\t\t\t\t<\/div>\n\t\t\t\t<div class=\"elementor-element elementor-element-57855513 elementor-align-left elementor-widget elementor-widget-elementskit-button\" data-id=\"57855513\" data-element_type=\"widget\" data-e-type=\"widget\" data-settings=\"{&quot;ekit_we_effect_on&quot;:&quot;none&quot;}\" data-widget_type=\"elementskit-button.default\">\n\t\t\t\t<div class=\"elementor-widget-container\">\n\t\t\t\t\t<div class=\"ekit-wid-con\" >\t\t<div class=\"ekit-btn-wraper\">\n\t\t\t\t\t\t\t<a href=\"#elementor-action:action=popup:open&settings=eyJpZCI6IjE3NSIsInRvZ2dsZSI6ZmFsc2V9\" class=\"elementskit-btn  whitespace--normal\" id=\"\">\n\t\t\t\t\tKontaktuj teraz\t\t\t\t<\/a>\n\t\t\t\t\t<\/div>\n        <\/div>\t\t\t\t<\/div>\n\t\t\t\t<\/div>\n\t\t\t\t\t<\/div>\n\t\t<\/div>\n\t\t\t\t<div class=\"elementor-column elementor-col-50 elementor-top-column elementor-element elementor-element-47779fc\" data-id=\"47779fc\" data-element_type=\"column\" data-e-type=\"column\">\n\t\t\t<div class=\"elementor-widget-wrap elementor-element-populated\">\n\t\t\t\t\t\t<div class=\"elementor-element elementor-element-5a669f8c elementor-widget elementor-widget-image\" data-id=\"5a669f8c\" data-element_type=\"widget\" data-e-type=\"widget\" data-settings=\"{&quot;ekit_we_effect_on&quot;:&quot;none&quot;}\" data-widget_type=\"image.default\">\n\t\t\t\t<div class=\"elementor-widget-container\">\n\t\t\t\t\t\t\t\t\t\t\t\t\t\t\t<img fetchpriority=\"high\" decoding=\"async\" width=\"576\" height=\"536\" src=\"https:\/\/sundaclothing.com\/wp-content\/uploads\/2023\/04\/About-Clothing-Factory.png\" class=\"attachment-full size-full wp-image-505\" alt=\"O tov\u00e1rni na odevy\" srcset=\"https:\/\/sundaclothing.com\/wp-content\/uploads\/2023\/04\/About-Clothing-Factory.png 576w, https:\/\/sundaclothing.com\/wp-content\/uploads\/2023\/04\/About-Clothing-Factory-300x279.png 300w, https:\/\/sundaclothing.com\/wp-content\/uploads\/2023\/04\/About-Clothing-Factory-13x12.png 13w\" sizes=\"(max-width: 576px) 100vw, 576px\" \/>\t\t\t\t\t\t\t\t\t\t\t\t\t\t\t<\/div>\n\t\t\t\t<\/div>\n\t\t\t\t\t<\/div>\n\t\t<\/div>\n\t\t\t\t\t<\/div>\n\t\t<\/section>\n\t\t\t\t<section class=\"elementor-section elementor-top-section elementor-element elementor-element-23ab0918 elementor-section-boxed elementor-section-height-default elementor-section-height-default\" data-id=\"23ab0918\" data-element_type=\"section\" data-e-type=\"section\" data-settings=\"{&quot;_ha_eqh_enable&quot;:false,&quot;ekit_has_onepagescroll_dot&quot;:&quot;yes&quot;}\">\n\t\t\t\t\t\t<div class=\"elementor-container elementor-column-gap-wide\">\n\t\t\t\t\t<div class=\"elementor-column elementor-col-50 elementor-top-column elementor-element elementor-element-789b29de\" data-id=\"789b29de\" data-element_type=\"column\" data-e-type=\"column\">\n\t\t\t<div class=\"elementor-widget-wrap elementor-element-populated\">\n\t\t\t\t\t\t<div class=\"elementor-element elementor-element-c1a0558 elementor-widget elementor-widget-video\" data-id=\"c1a0558\" data-element_type=\"widget\" data-e-type=\"widget\" data-settings=\"{&quot;show_image_overlay&quot;:&quot;yes&quot;,&quot;image_overlay&quot;:{&quot;url&quot;:&quot;http:\\\/\\\/sundaclothing.com\\\/wp-content\\\/uploads\\\/2023\\\/04\\\/Apparel-Factory-07.jpg&quot;,&quot;id&quot;:513,&quot;size&quot;:&quot;&quot;,&quot;alt&quot;:&quot;Apparel Factory&quot;,&quot;source&quot;:&quot;library&quot;},&quot;lightbox&quot;:&quot;yes&quot;,&quot;video_type&quot;:&quot;hosted&quot;,&quot;mute&quot;:&quot;yes&quot;,&quot;controls&quot;:&quot;yes&quot;,&quot;ekit_we_effect_on&quot;:&quot;none&quot;}\" data-widget_type=\"video.default\">\n\t\t\t\t<div class=\"elementor-widget-container\">\n\t\t\t\t\t\t\t<div class=\"e-hosted-video elementor-wrapper elementor-open-lightbox\">\n\t\t\t\t\t\t\t<div class=\"elementor-custom-embed-image-overlay\" data-elementor-open-lightbox=\"yes\" data-elementor-lightbox=\"{&quot;type&quot;:&quot;video&quot;,&quot;videoType&quot;:&quot;hosted&quot;,&quot;url&quot;:&quot;http:\\\/\\\/sundaclothing.com\\\/wp-content\\\/uploads\\\/2023\\\/04\\\/Clothing-Factory.mp4&quot;,&quot;autoplay&quot;:&quot;&quot;,&quot;modalOptions&quot;:{&quot;id&quot;:&quot;elementor-lightbox-c1a0558&quot;,&quot;entranceAnimation&quot;:&quot;&quot;,&quot;entranceAnimation_tablet&quot;:&quot;&quot;,&quot;entranceAnimation_mobile&quot;:&quot;&quot;,&quot;videoAspectRatio&quot;:&quot;169&quot;},&quot;videoParams&quot;:{&quot;controls&quot;:&quot;&quot;,&quot;preload&quot;:&quot;metadata&quot;,&quot;muted&quot;:&quot;muted&quot;,&quot;controlsList&quot;:&quot;nodownload&quot;,&quot;poster&quot;:&quot;http:\\\/\\\/sundaclothing.com\\\/wp-content\\\/uploads\\\/2023\\\/04\\\/Apparel-Factory-07.jpg&quot;}}\" data-e-action-hash=\"#elementor-action%3Aaction%3Dlightbox%26settings%3DeyJ0eXBlIjoidmlkZW8iLCJ2aWRlb1R5cGUiOiJob3N0ZWQiLCJ1cmwiOiJodHRwOlwvXC9zdW5kYWNsb3RoaW5nLmNvbVwvd3AtY29udGVudFwvdXBsb2Fkc1wvMjAyM1wvMDRcL0Nsb3RoaW5nLUZhY3RvcnkubXA0IiwiYXV0b3BsYXkiOiIiLCJtb2RhbE9wdGlvbnMiOnsiaWQiOiJlbGVtZW50b3ItbGlnaHRib3gtYzFhMDU1OCIsImVudHJhbmNlQW5pbWF0aW9uIjoiIiwiZW50cmFuY2VBbmltYXRpb25fdGFibGV0IjoiIiwiZW50cmFuY2VBbmltYXRpb25fbW9iaWxlIjoiIiwidmlkZW9Bc3BlY3RSYXRpbyI6IjE2OSJ9LCJ2aWRlb1BhcmFtcyI6eyJjb250cm9scyI6IiIsInByZWxvYWQiOiJtZXRhZGF0YSIsIm11dGVkIjoibXV0ZWQiLCJjb250cm9sc0xpc3QiOiJub2Rvd25sb2FkIiwicG9zdGVyIjoiaHR0cDpcL1wvc3VuZGFjbG90aGluZy5jb21cL3dwLWNvbnRlbnRcL3VwbG9hZHNcLzIwMjNcLzA0XC9BcHBhcmVsLUZhY3RvcnktMDcuanBnIn19\">\n\t\t\t\t\t\t\t\t\t\t\t<img decoding=\"async\" width=\"800\" height=\"652\" src=\"https:\/\/sundaclothing.com\/wp-content\/uploads\/2023\/04\/Apparel-Factory-07.jpg\" class=\"attachment-full size-full wp-image-513\" alt=\"Tov\u00e1re\u0148 na odevy\" srcset=\"https:\/\/sundaclothing.com\/wp-content\/uploads\/2023\/04\/Apparel-Factory-07.jpg 800w, https:\/\/sundaclothing.com\/wp-content\/uploads\/2023\/04\/Apparel-Factory-07-300x245.jpg 300w, https:\/\/sundaclothing.com\/wp-content\/uploads\/2023\/04\/Apparel-Factory-07-768x626.jpg 768w, https:\/\/sundaclothing.com\/wp-content\/uploads\/2023\/04\/Apparel-Factory-07-15x12.jpg 15w\" sizes=\"(max-width: 800px) 100vw, 800px\" \/>\t\t\t\t\t\t\t\t\t\t\t\t\t\t\t\t<div class=\"elementor-custom-embed-play\" role=\"button\" aria-label=\"\u0412\u043e\u0441\u043f\u0440\u043e\u0438\u0437\u0432\u0435\u0441\u0442\u0438 \u0432\u0438\u0434\u0435\u043e \u043e Apparel Factory\" tabindex=\"0\" data-no-translation-aria-label=\"\">\n\t\t\t\t\t\t\t<svg aria-hidden=\"true\" class=\"e-font-icon-svg e-eicon-play\" viewbox=\"0 0 1000 1000\" xmlns=\"http:\/\/www.w3.org\/2000\/svg\"><path d=\"M838 162C746 71 633 25 500 25 371 25 258 71 163 162 71 254 25 367 25 500 25 633 71 746 163 837 254 929 367 979 500 979 633 979 746 933 838 837 929 746 975 633 975 500 975 367 929 254 838 162M808 192C892 279 933 379 933 500 933 621 892 725 808 808 725 892 621 938 500 938 379 938 279 896 196 808 113 725 67 621 67 500 67 379 108 279 196 192 279 108 383 62 500 62 621 62 721 108 808 192M438 392V642L642 517 438 392Z\"><\/path><\/svg>\t\t\t\t\t\t<\/div>\n\t\t\t\t\t\t\t\t\t<\/div>\n\t\t\t\t\t<\/div>\n\t\t\t\t\t\t<\/div>\n\t\t\t\t<\/div>\n\t\t\t\t\t<\/div>\n\t\t<\/div>\n\t\t\t\t<div class=\"elementor-column elementor-col-50 elementor-top-column elementor-element elementor-element-5ef6d85b\" data-id=\"5ef6d85b\" data-element_type=\"column\" data-e-type=\"column\">\n\t\t\t<div class=\"elementor-widget-wrap elementor-element-populated\">\n\t\t\t\t\t\t<section class=\"elementor-section elementor-inner-section elementor-element elementor-element-e98174e elementor-section-boxed elementor-section-height-default elementor-section-height-default\" data-id=\"e98174e\" data-element_type=\"section\" data-e-type=\"section\" data-settings=\"{&quot;_ha_eqh_enable&quot;:false,&quot;ekit_has_onepagescroll_dot&quot;:&quot;yes&quot;}\">\n\t\t\t\t\t\t<div class=\"elementor-container elementor-column-gap-default\">\n\t\t\t\t\t<div class=\"elementor-column elementor-col-100 elementor-inner-column elementor-element elementor-element-d8e4ac0\" data-id=\"d8e4ac0\" data-element_type=\"column\" data-e-type=\"column\">\n\t\t\t<div class=\"elementor-widget-wrap elementor-element-populated\">\n\t\t\t\t\t\t<div class=\"elementor-element elementor-element-9b29a7a elementor-widget elementor-widget-text-editor\" data-id=\"9b29a7a\" data-element_type=\"widget\" data-e-type=\"widget\" data-settings=\"{&quot;ekit_we_effect_on&quot;:&quot;none&quot;}\" data-widget_type=\"text-editor.default\">\n\t\t\t\t<div class=\"elementor-widget-container\">\n\t\t\t\t\t\t\t\t\t<p>Ako \u0161pi\u010dkov\u00fd ve\u013ekoobchodn\u00fd predajca \u0161portov\u00e9ho oble\u010denia spo\u010d\u00edva na\u0161a odbornos\u0165 v poskytovan\u00ed \u0161portov\u00e9ho oble\u010denia najvy\u0161\u0161ej kvality. N\u00e1\u0161 z\u00e1v\u00e4zok k dokonalosti sa roz\u0161iruje na funkcie a detaily a n\u00e1\u0161 z\u00e1kazn\u00edcky servis je prisp\u00f4soben\u00fd potreb\u00e1m maloobchodn\u00edkov, majite\u013eov firiem a zna\u010diek priv\u00e1tnych zna\u010diek.<\/p><p>Na\u0161\u00edm cie\u013eom je poskytn\u00fa\u0165 fitness nad\u0161encom dokonal\u00e9 oble\u010denie a sna\u017e\u00edme sa ka\u017ed\u00fd de\u0148 zlep\u0161ova\u0165 na\u0161e slu\u017eby pre hromadn\u00fdch n\u00e1kupcov. Ch\u00e1peme, \u017ee priemysel fitness m\u00f3dy sa neust\u00e1le vyv\u00edja, a preto neust\u00e1le aktualizujeme n\u00e1\u0161 invent\u00e1r ve\u013ekoobchodn\u00e9ho m\u00f3dneho a fitness oble\u010denia o najnov\u0161ie \u0161t\u00fdly. Ak chcete hromadne objedna\u0165 svoje preferovan\u00e9 oble\u010denie na cvi\u010denie, kontaktujte n\u00e1\u0161 help desk.<\/p>\t\t\t\t\t\t\t\t<\/div>\n\t\t\t\t<\/div>\n\t\t\t\t\t<\/div>\n\t\t<\/div>\n\t\t\t\t\t<\/div>\n\t\t<\/section>\n\t\t\t\t<section class=\"elementor-section elementor-inner-section elementor-element elementor-element-db37f03 elementor-section-boxed elementor-section-height-default elementor-section-height-default\" data-id=\"db37f03\" data-element_type=\"section\" data-e-type=\"section\" data-settings=\"{&quot;_ha_eqh_enable&quot;:false,&quot;ekit_has_onepagescroll_dot&quot;:&quot;yes&quot;}\">\n\t\t\t\t\t\t<div class=\"elementor-container elementor-column-gap-default\">\n\t\t\t\t\t<div class=\"elementor-column elementor-col-100 elementor-inner-column elementor-element elementor-element-b64ad50\" data-id=\"b64ad50\" data-element_type=\"column\" data-e-type=\"column\">\n\t\t\t<div class=\"elementor-widget-wrap elementor-element-populated\">\n\t\t\t\t\t\t<div class=\"elementor-element elementor-element-137328e elementor-align-left elementor-widget elementor-widget-elementskit-button\" data-id=\"137328e\" data-element_type=\"widget\" data-e-type=\"widget\" data-settings=\"{&quot;ekit_we_effect_on&quot;:&quot;none&quot;}\" data-widget_type=\"elementskit-button.default\">\n\t\t\t\t<div class=\"elementor-widget-container\">\n\t\t\t\t\t<div class=\"ekit-wid-con\" >\t\t<div class=\"ekit-btn-wraper\">\n\t\t\t\t\t\t\t<a href=\"#elementor-action:action=popup:open&settings=eyJpZCI6IjE3NSIsInRvZ2dsZSI6ZmFsc2V9\" class=\"elementskit-btn  whitespace--normal\" id=\"\">\n\t\t\t\t\tKontaktuj teraz\t\t\t\t<\/a>\n\t\t\t\t\t<\/div>\n        <\/div>\t\t\t\t<\/div>\n\t\t\t\t<\/div>\n\t\t\t\t\t<\/div>\n\t\t<\/div>\n\t\t\t\t\t<\/div>\n\t\t<\/section>\n\t\t\t\t\t<\/div>\n\t\t<\/div>\n\t\t\t\t\t<\/div>\n\t\t<\/section>\n\t\t\t\t<section class=\"elementor-section elementor-top-section elementor-element elementor-element-5bc586c9 elementor-section-boxed elementor-section-height-default elementor-section-height-default\" data-id=\"5bc586c9\" data-element_type=\"section\" data-e-type=\"section\" data-settings=\"{&quot;_ha_eqh_enable&quot;:false,&quot;ekit_has_onepagescroll_dot&quot;:&quot;yes&quot;}\">\n\t\t\t\t\t\t<div class=\"elementor-container elementor-column-gap-default\">\n\t\t\t\t\t<div class=\"elementor-column elementor-col-100 elementor-top-column elementor-element elementor-element-5d61c200\" data-id=\"5d61c200\" data-element_type=\"column\" data-e-type=\"column\">\n\t\t\t<div class=\"elementor-widget-wrap elementor-element-populated\">\n\t\t\t\t\t\t<div class=\"elementor-element elementor-element-67b31cff elementor-widget elementor-widget-heading\" data-id=\"67b31cff\" data-element_type=\"widget\" data-e-type=\"widget\" data-settings=\"{&quot;ekit_we_effect_on&quot;:&quot;none&quot;}\" data-widget_type=\"heading.default\">\n\t\t\t\t<div class=\"elementor-widget-container\">\n\t\t\t\t\t<h2 class=\"elementor-heading-title elementor-size-default\">Na\u0161e certifik\u00e1ty<\/h2>\t\t\t\t<\/div>\n\t\t\t\t<\/div>\n\t\t\t\t<div class=\"elementor-element elementor-element-c9e7eb elementor-widget elementor-widget-text-editor\" data-id=\"c9e7eb\" data-element_type=\"widget\" data-e-type=\"widget\" data-settings=\"{&quot;ekit_we_effect_on&quot;:&quot;none&quot;}\" data-widget_type=\"text-editor.default\">\n\t\t\t\t<div class=\"elementor-widget-container\">\n\t\t\t\t\t\t\t\t\t<p>Na\u0161a tov\u00e1re\u0148 bola certifikovan\u00e1 OEKO-TEX \u0161tandardom 100 a glob\u00e1lnym recyklovan\u00fdm \u0161tandardom.<\/p>\t\t\t\t\t\t\t\t<\/div>\n\t\t\t\t<\/div>\n\t\t\t\t\t<\/div>\n\t\t<\/div>\n\t\t\t\t\t<\/div>\n\t\t<\/section>\n\t\t\t\t<section class=\"elementor-section elementor-top-section elementor-element elementor-element-69acc345 elementor-section-boxed elementor-section-height-default elementor-section-height-default\" data-id=\"69acc345\" data-element_type=\"section\" data-e-type=\"section\" data-settings=\"{&quot;_ha_eqh_enable&quot;:false,&quot;ekit_has_onepagescroll_dot&quot;:&quot;yes&quot;}\">\n\t\t\t\t\t\t<div class=\"elementor-container elementor-column-gap-extended\">\n\t\t\t\t\t<div class=\"elementor-column elementor-col-33 elementor-top-column elementor-element elementor-element-75249623\" data-id=\"75249623\" data-element_type=\"column\" data-e-type=\"column\">\n\t\t\t<div class=\"elementor-widget-wrap elementor-element-populated\">\n\t\t\t\t\t\t<div class=\"elementor-element elementor-element-2d324906 ha-pre--top elementor-widget elementor-widget-ha-hover-box happy-addon ha-hover-box happy-addon-pro\" data-id=\"2d324906\" data-element_type=\"widget\" data-e-type=\"widget\" data-settings=\"{&quot;ekit_we_effect_on&quot;:&quot;none&quot;}\" data-widget_type=\"ha-hover-box.default\">\n\t\t\t\t<div class=\"elementor-widget-container\">\n\t\t\t\t\t\n        \n            <div class=\"ha-hover-box-main\">\n                <div class=\"ha-hover-box-wrapper reverse\">\n                    <div class=\"ha-hover-box-content\">\n\n                        \n                        <div>\n                            \n                                                    <\/div>\n                    <\/div>\n                <\/div>\n            <\/div>\n        \n        \t\t\t\t<\/div>\n\t\t\t\t<\/div>\n\t\t\t\t\t<\/div>\n\t\t<\/div>\n\t\t\t\t<div class=\"elementor-column elementor-col-33 elementor-top-column elementor-element elementor-element-3496ba91\" data-id=\"3496ba91\" data-element_type=\"column\" data-e-type=\"column\">\n\t\t\t<div class=\"elementor-widget-wrap elementor-element-populated\">\n\t\t\t\t\t\t<div class=\"elementor-element elementor-element-360bc831 ha-pre--top elementor-widget elementor-widget-ha-hover-box happy-addon ha-hover-box happy-addon-pro\" data-id=\"360bc831\" data-element_type=\"widget\" data-e-type=\"widget\" data-settings=\"{&quot;ekit_we_effect_on&quot;:&quot;none&quot;}\" data-widget_type=\"ha-hover-box.default\">\n\t\t\t\t<div class=\"elementor-widget-container\">\n\t\t\t\t\t\n                    <a class=\"ha-flip-btn\" href=\"#!\">\n        \n            <div class=\"ha-hover-box-main\">\n                <div class=\"ha-hover-box-wrapper reverse\">\n                    <div class=\"ha-hover-box-content\">\n\n                        \n                        <div>\n                            \n                                                    <\/div>\n                    <\/div>\n                <\/div>\n            <\/div>\n                   <\/a>\n        \n        \t\t\t\t<\/div>\n\t\t\t\t<\/div>\n\t\t\t\t\t<\/div>\n\t\t<\/div>\n\t\t\t\t<div class=\"elementor-column elementor-col-33 elementor-top-column elementor-element elementor-element-1bf8c0e2\" data-id=\"1bf8c0e2\" data-element_type=\"column\" data-e-type=\"column\">\n\t\t\t<div class=\"elementor-widget-wrap elementor-element-populated\">\n\t\t\t\t\t\t<div class=\"elementor-element elementor-element-4c23a658 ha-pre--top elementor-widget elementor-widget-ha-hover-box happy-addon ha-hover-box happy-addon-pro\" data-id=\"4c23a658\" data-element_type=\"widget\" data-e-type=\"widget\" data-settings=\"{&quot;ekit_we_effect_on&quot;:&quot;none&quot;}\" data-widget_type=\"ha-hover-box.default\">\n\t\t\t\t<div class=\"elementor-widget-container\">\n\t\t\t\t\t\n                    <a class=\"ha-flip-btn\" href=\"#!\">\n        \n            <div class=\"ha-hover-box-main\">\n                <div class=\"ha-hover-box-wrapper reverse\">\n                    <div class=\"ha-hover-box-content\">\n\n                        \n                        <div>\n                            \n                                                    <\/div>\n                    <\/div>\n                <\/div>\n            <\/div>\n                   <\/a>\n        \n        \t\t\t\t<\/div>\n\t\t\t\t<\/div>\n\t\t\t\t\t<\/div>\n\t\t<\/div>\n\t\t\t\t\t<\/div>\n\t\t<\/section>\n\t\t\t\t<\/div>","protected":false},"excerpt":{"rendered":"<p>About us Free Custom Services Top Manufacturer Sunda Clothing is a highly respected producer, provider, and supplier of wholesale fitness clothing that assists entrepreneurs in serving their workout enthusiast customers. As a prominent manufacturing center, we provide a fantastic bulk purchasing experience and feature an extensive range of activewear collections that you simply cannot overlook. [&hellip;]<\/p>","protected":false},"author":1,"featured_media":544,"parent":0,"menu_order":2,"comment_status":"closed","ping_status":"open","template":"","meta":{"site-sidebar-layout":"no-sidebar","site-content-layout":"page-builder","ast-site-content-layout":"default","site-content-style":"default","site-sidebar-style":"default","ast-global-header-display":"","ast-banner-title-visibility":"","ast-main-header-display":"","ast-hfb-above-header-display":"","ast-hfb-below-header-display":"","ast-hfb-mobile-header-display":"","site-post-title":"disabled","ast-breadcrumbs-content":"","ast-featured-img":"disabled","footer-sml-layout":"","ast-disable-related-posts":"","theme-transparent-header-meta":"","adv-header-id-meta":"","stick-header-meta":"","header-above-stick-meta":"","header-main-stick-meta":"","header-below-stick-meta":"","astra-migrate-meta-layouts":"default","ast-page-background-enabled":"default","ast-page-background-meta":{"desktop":{"background-color":"var(--ast-global-color-4)","background-image":"","background-repeat":"repeat","background-position":"center center","background-size":"auto","background-attachment":"scroll","background-type":"","background-media":"","overlay-type":"","overlay-color":"","overlay-opacity":"","overlay-gradient":""},"tablet":{"background-color":"","background-image":"","background-repeat":"repeat","background-position":"center center","background-size":"auto","background-attachment":"scroll","background-type":"","background-media":"","overlay-type":"","overlay-color":"","overlay-opacity":"","overlay-gradient":""},"mobile":{"background-color":"","background-image":"","background-repeat":"repeat","background-position":"center center","background-size":"auto","background-attachment":"scroll","background-type":"","background-media":"","overlay-type":"","overlay-color":"","overlay-opacity":"","overlay-gradient":""}},"ast-content-background-meta":{"desktop":{"background-color":"var(--ast-global-color-5)","background-image":"","background-repeat":"repeat","background-position":"center center","background-size":"auto","background-attachment":"scroll","background-type":"","background-media":"","overlay-type":"","overlay-color":"","overlay-opacity":"","overlay-gradient":""},"tablet":{"background-color":"var(--ast-global-color-5)","background-image":"","background-repeat":"repeat","background-position":"center center","background-size":"auto","background-attachment":"scroll","background-type":"","background-media":"","overlay-type":"","overlay-color":"","overlay-opacity":"","overlay-gradient":""},"mobile":{"background-color":"var(--ast-global-color-5)","background-image":"","background-repeat":"repeat","background-position":"center center","background-size":"auto","background-attachment":"scroll","background-type":"","background-media":"","overlay-type":"","overlay-color":"","overlay-opacity":"","overlay-gradient":""}},"footnotes":""},"class_list":["post-46","page","type-page","status-publish","has-post-thumbnail","hentry"],"_links":{"self":[{"href":"https:\/\/sundaclothing.com\/sk\/wp-json\/wp\/v2\/pages\/46","targetHints":{"allow":["GET"]}}],"collection":[{"href":"https:\/\/sundaclothing.com\/sk\/wp-json\/wp\/v2\/pages"}],"about":[{"href":"https:\/\/sundaclothing.com\/sk\/wp-json\/wp\/v2\/types\/page"}],"author":[{"embeddable":true,"href":"https:\/\/sundaclothing.com\/sk\/wp-json\/wp\/v2\/users\/1"}],"replies":[{"embeddable":true,"href":"https:\/\/sundaclothing.com\/sk\/wp-json\/wp\/v2\/comments?post=46"}],"version-history":[{"count":32,"href":"https:\/\/sundaclothing.com\/sk\/wp-json\/wp\/v2\/pages\/46\/revisions"}],"predecessor-version":[{"id":901,"href":"https:\/\/sundaclothing.com\/sk\/wp-json\/wp\/v2\/pages\/46\/revisions\/901"}],"wp:featuredmedia":[{"embeddable":true,"href":"https:\/\/sundaclothing.com\/sk\/wp-json\/wp\/v2\/media\/544"}],"wp:attachment":[{"href":"https:\/\/sundaclothing.com\/sk\/wp-json\/wp\/v2\/media?parent=46"}],"curies":[{"name":"wp","href":"https:\/\/api.w.org\/{rel}","templated":true}]}}